{"id":413,"date":"2023-08-30T12:48:13","date_gmt":"2023-08-30T10:48:13","guid":{"rendered":"https:\/\/trion-sail.world\/logbuch\/?page_id=413"},"modified":"2025-07-11T12:16:35","modified_gmt":"2025-07-11T10:16:35","slug":"imprint","status":"publish","type":"page","link":"https:\/\/trion-sail.world\/logbuch\/en\/imprint\/","title":{"rendered":"imprint"},"content":{"rendered":"\n<div class=\"wp-block-group has-global-padding is-layout-constrained wp-block-group-is-layout-constrained\">\n<h2 class=\"wp-block-heading\">Imprint<\/h2>\n\n\n\n<p>(Legal Disclosure)<\/p>\n\n\n\n<p>Unternehmensname \/ Company Name:<br>TRION BLUE OCEANS LLC<\/p>\n\n\n\n<p>Rechtsform \/ Legal Form:<br>Limited Liability Company (LLC), eingetragen im Bundesstaat Florida \/ Registered in the State of Florida, USA<\/p>\n\n\n\n<p>Gesch\u00e4ftsadresse \/ Business Address:<br>TRION BLUE OCEANS LLC<br><a href=\"https:\/\/nam02.safelinks.protection.outlook.com\/?url=https%3A%2F%2Fwww.google.com%2Fmaps%2Fsearch%2F7901%2B4th%2BStreet%2BN%3Fentry%3Dgmail%26source%3Dg&amp;data=05%7C02%7Chenning.siems%40saatchi.de%7Ca110657a4b294405792b08ddc052c5c3%7Cd52c9ea17c2147b182a333a74b1f74b8%7C0%7C0%7C638878183924919371%7CUnknown%7CTWFpbGZsb3d8eyJFbXB0eU1hcGkiOnRydWUsIlYiOiIwLjAuMDAwMCIsIlAiOiJXaW4zMiIsIkFOIjoiTWFpbCIsIldUIjoyfQ%3D%3D%7C0%7C%7C%7C&amp;sdata=gsrtYcfqqb13kT6yDM6wCFqszd0Oi1Ri%2BiVDe59Mq%2Fs%3D&amp;reserved=0\">7901 4th Street N<\/a>, Suite 300<br>St. Petersburg, FL 33702<br>USA<\/p>\n\n\n\n<p>Vertretungsberechtigte Person \/ Authorized Representative:<br>Olaf Kaden<\/p>\n\n\n\n<p>Kontakt \/ Contact:<br>E-Mail:&nbsp;<a href=\"mailto:trion@email.de\" target=\"_blank\" rel=\"noreferrer noopener\">trion@email.de<\/a><\/p>\n\n\n\n<p>Website:<br><a href=\"http:\/\/www.trion-sail.world\">www.trion-sail.world<\/a><\/p>\n\n\n\n<p>\u2e3b<\/p>\n\n\n\n<p>Verantwortlich f\u00fcr den Inhalt nach \u00a7 55 Abs. 2 RStV \/ Responsible for content according to \u00a7 55 Para. 2 RStV (German law):<br>Olaf Kaden,<br>TRION BLUE OCEANS LLC<br><a href=\"https:\/\/nam02.safelinks.protection.outlook.com\/?url=https%3A%2F%2Fwww.google.com%2Fmaps%2Fsearch%2F7901%2B4th%2BStreet%2BN%3Fentry%3Dgmail%26source%3Dg&amp;data=05%7C02%7Chenning.siems%40saatchi.de%7Ca110657a4b294405792b08ddc052c5c3%7Cd52c9ea17c2147b182a333a74b1f74b8%7C0%7C0%7C638878183924940221%7CUnknown%7CTWFpbGZsb3d8eyJFbXB0eU1hcGkiOnRydWUsIlYiOiIwLjAuMDAwMCIsIlAiOiJXaW4zMiIsIkFOIjoiTWFpbCIsIldUIjoyfQ%3D%3D%7C0%7C%7C%7C&amp;sdata=%2FFzJVAJEJgDvOT0G4%2FxWHHTCIP0zkecIK0SZVtmoShk%3D&amp;reserved=0\">7901 4th Street N<\/a>, Suite 300<br>St. Petersburg, FL 33702<br>USA<\/p>\n\n\n\n<p>\u2e3b<\/p>\n\n\n\n<p>Haftungsausschluss \/ Disclaimer<\/p>\n\n\n\n<p>Haftung f\u00fcr Inhalte \/ Liability for Content:<br>Die Inhalte unserer Seiten wurden mit gr\u00f6\u00dfter Sorgfalt erstellt. F\u00fcr die Richtigkeit, Vollst\u00e4ndigkeit und Aktualit\u00e4t der Inhalte k\u00f6nnen wir jedoch keine Gew\u00e4hr \u00fcbernehmen. Als Diensteanbieter sind wir gem\u00e4\u00df \u00a7 7 Abs. 1 TMG f\u00fcr eigene Inhalte auf diesen Seiten nach den allgemeinen Gesetzen verantwortlich.<\/p>\n\n\n\n<p>The contents of our website were created with utmost care. However, we cannot guarantee the contents\u2019 accuracy, completeness or timeliness. According to \u00a7\u00a7 8 to 10 TMG, we as a service provider are not obligated to monitor transmitted or stored third-party information or to investigate circumstances that indicate illegal activity.<\/p>\n\n\n\n<p>Haftung f\u00fcr Links \/ Liability for Links:<br>Unser Angebot enth\u00e4lt Links zu externen Webseiten Dritter, auf deren Inhalte wir keinen Einfluss haben. Deshalb k\u00f6nnen wir f\u00fcr diese fremden Inhalte auch keine Gew\u00e4hr \u00fcbernehmen.<\/p>\n\n\n\n<p>Our website contains links to external third-party websites. We have no influence on the contents of those websites, therefore we cannot assume any liability for such external content.<\/p>\n\n\n\n<p>Urheberrecht \/ Copyright:<br>Die durch die Seitenbetreiber erstellten Inhalte und Werke auf diesen Seiten unterliegen dem Urheberrecht der USA bzw. internationalem Copyright.<\/p>\n\n\n\n<p>Content and works created by the website operator are subject to U.S. and international copyright law. Duplication, processing, distribution, or any form of commercialization requires prior written consent.<\/p>\n<\/div>\n","protected":false},"excerpt":{"rendered":"<p>Imprint (Legal Disclosure) Unternehmensname \/ Company Name:TRION BLUE OCEANS LLC Rechtsform \/ Legal Form:Limited Liability Company (LLC), eingetragen im Bundesstaat Florida \/ Registered in the State of Florida, USA Gesch\u00e4ftsadresse \/ Business Address:TRION BLUE OCEANS LLC7901 4th Street N, Suite 300St. Petersburg, FL 33702USA Vertretungsberechtigte Person \/ Authorized Representative:Olaf Kaden Kontakt \/ Contact:E-Mail:&nbsp;trion@email.de Website:www.trion-sail.world \u2e3b [&hellip;]<\/p>\n","protected":false},"author":1,"featured_media":0,"parent":0,"menu_order":0,"comment_status":"closed","ping_status":"closed","template":"wp-custom-template-en-seite","meta":{"_acf_changed":false,"pgc_sgb_lightbox_settings":"","footnotes":""},"class_list":["post-413","page","type-page","status-publish","hentry"],"acf":[],"_links":{"self":[{"href":"https:\/\/trion-sail.world\/logbuch\/wp-json\/wp\/v2\/pages\/413","targetHints":{"allow":["GET"]}}],"collection":[{"href":"https:\/\/trion-sail.world\/logbuch\/wp-json\/wp\/v2\/pages"}],"about":[{"href":"https:\/\/trion-sail.world\/logbuch\/wp-json\/wp\/v2\/types\/page"}],"author":[{"embeddable":true,"href":"https:\/\/trion-sail.world\/logbuch\/wp-json\/wp\/v2\/users\/1"}],"replies":[{"embeddable":true,"href":"https:\/\/trion-sail.world\/logbuch\/wp-json\/wp\/v2\/comments?post=413"}],"version-history":[{"count":2,"href":"https:\/\/trion-sail.world\/logbuch\/wp-json\/wp\/v2\/pages\/413\/revisions"}],"predecessor-version":[{"id":641,"href":"https:\/\/trion-sail.world\/logbuch\/wp-json\/wp\/v2\/pages\/413\/revisions\/641"}],"wp:attachment":[{"href":"https:\/\/trion-sail.world\/logbuch\/wp-json\/wp\/v2\/media?parent=413"}],"curies":[{"name":"wp","href":"https:\/\/api.w.org\/{rel}","templated":true}]}}